{"id":145,"date":"2023-07-13T15:14:27","date_gmt":"2023-07-13T13:14:27","guid":{"rendered":"https:\/\/surfburger.be\/?page_id=145"},"modified":"2025-09-01T19:49:28","modified_gmt":"2025-09-01T17:49:28","slug":"contactsurfburger","status":"publish","type":"page","link":"https:\/\/surfburger.be\/index.php\/contactsurfburger\/","title":{"rendered":"Contact"},"content":{"rendered":"\t\t<div data-elementor-type=\"wp-page\" data-elementor-id=\"145\" class=\"elementor elementor-145\">\n\t\t\t\t<div class=\"elementor-element elementor-element-8705574 e-flex e-con-boxed e-con e-parent\" data-id=\"8705574\" data-element_type=\"container\" data-e-type=\"container\">\n\t\t\t\t\t<div class=\"e-con-inner\">\n\t\t\t\t<div class=\"elementor-element elementor-element-bb2241b elementor-widget elementor-widget-spacer\" data-id=\"bb2241b\" data-element_type=\"widget\" data-e-type=\"widget\" data-widget_type=\"spacer.default\">\n\t\t\t\t<div class=\"elementor-widget-container\">\n\t\t\t\t\t\t\t<div class=\"elementor-spacer\">\n\t\t\t<div class=\"elementor-spacer-inner\"><\/div>\n\t\t<\/div>\n\t\t\t\t\t\t<\/div>\n\t\t\t\t<\/div>\n\t\t\t\t<div class=\"elementor-element elementor-element-73b3be5 elementor-widget elementor-widget-heading\" data-id=\"73b3be5\" data-element_type=\"widget\" data-e-type=\"widget\" data-widget_type=\"heading.default\">\n\t\t\t\t<div class=\"elementor-widget-container\">\n\t\t\t\t\t<h3 class=\"elementor-heading-title elementor-size-large\"><b>Contactgegevens<\/b><\/h3>\t\t\t\t<\/div>\n\t\t\t\t<\/div>\n\t\t\t\t\t<\/div>\n\t\t\t\t<\/div>\n\t\t<div class=\"elementor-element elementor-element-a9ae11b e-flex e-con-boxed e-con e-parent\" data-id=\"a9ae11b\" data-element_type=\"container\" data-e-type=\"container\">\n\t\t\t\t\t<div class=\"e-con-inner\">\n\t\t<div class=\"elementor-element elementor-element-512bcaa e-con-full e-flex e-con e-child\" data-id=\"512bcaa\" data-element_type=\"container\" data-e-type=\"container\">\n\t\t<div class=\"elementor-element elementor-element-2b35239 e-con-full e-flex e-con e-child\" data-id=\"2b35239\" data-element_type=\"container\" data-e-type=\"container\">\n\t\t\t\t<div class=\"elementor-element elementor-element-9e8b311 elementor-widget elementor-widget-text-editor\" data-id=\"9e8b311\" data-element_type=\"widget\" data-e-type=\"widget\" data-widget_type=\"text-editor.default\">\n\t\t\t\t<div class=\"elementor-widget-container\">\n\t\t\t\t\t\t\t\t\t<p><strong>Tel.:<\/strong> <a href=\"tel: 0485422883\" target=\"_blank\" rel=\"noopener\">0485 422 883<\/a><br \/><span style=\"color: #000000;\"><strong>Email:<\/strong> <a style=\"color: #000000;\" href=\"mailto:info@surfburger.be\" target=\"_blank\" rel=\"noopener\">info@surfburger.be<\/a><br \/><strong>Adres: <\/strong><\/span><span style=\"color: #000000;\"><a tabindex=\"0\" href=\"https:\/\/www.google.com\/maps\/place\/\/data=!4m2!3m1!1s0x47dc97c5fa9b8537:0xe6c7bb131e17f19c?sa=X&amp;ved=1t:8290&amp;ictx=111\" target=\"_blank\" rel=\"noopener\" data-url=\"\/maps\/place\/\/data=!4m2!3m1!1s0x47dc97c5fa9b8537:0xe6c7bb131e17f19c?sa=X&amp;ved=2ahUKEwjXhOa50LeFAxWe9QIHHcIvDp0Q4kB6BAguEAA\">Veurnestraat 289, 8660 De Panne<\/a><\/span><\/p>\t\t\t\t\t\t\t\t<\/div>\n\t\t\t\t<\/div>\n\t\t\t\t<div class=\"elementor-element elementor-element-4a0a073 e-grid-align-left elementor-shape-rounded elementor-grid-0 elementor-widget elementor-widget-social-icons\" data-id=\"4a0a073\" data-element_type=\"widget\" data-e-type=\"widget\" data-widget_type=\"social-icons.default\">\n\t\t\t\t<div class=\"elementor-widget-container\">\n\t\t\t\t\t\t\t<div class=\"elementor-social-icons-wrapper elementor-grid\" role=\"list\">\n\t\t\t\t\t\t\t<span class=\"elementor-grid-item\" role=\"listitem\">\n\t\t\t\t\t<a class=\"elementor-icon elementor-social-icon elementor-social-icon-facebook elementor-repeater-item-db1adb2\" href=\"https:\/\/www.facebook.com\/Surfburger.sb\/\" target=\"_blank\">\n\t\t\t\t\t\t<span class=\"elementor-screen-only\">Facebook<\/span>\n\t\t\t\t\t\t<i aria-hidden=\"true\" class=\"fab fa-facebook\"><\/i>\t\t\t\t\t<\/a>\n\t\t\t\t<\/span>\n\t\t\t\t\t\t\t<span class=\"elementor-grid-item\" role=\"listitem\">\n\t\t\t\t\t<a class=\"elementor-icon elementor-social-icon elementor-social-icon-instagram elementor-repeater-item-b5c48c4\" href=\"https:\/\/www.instagram.com\/surfburger_sb?fbclid=IwZXh0bgNhZW0CMTAAAR2Fd7xSgCu5sn6sPH4G7GZPxQ9Olp3Lre9EDQVd4Vkc0grCwiWG7xXZtmg_aem_AWqMGonm--1trvKsu_xugFH22RWoGgc1vIISifemubV2ElMdL0FwvHN-egDvSEnFweHwZ6fKI8uJiKVtQUOPUC1u\" target=\"_blank\">\n\t\t\t\t\t\t<span class=\"elementor-screen-only\">Instagram<\/span>\n\t\t\t\t\t\t<i aria-hidden=\"true\" class=\"fab fa-instagram\"><\/i>\t\t\t\t\t<\/a>\n\t\t\t\t<\/span>\n\t\t\t\t\t\t\t<span class=\"elementor-grid-item\" role=\"listitem\">\n\t\t\t\t\t<a class=\"elementor-icon elementor-social-icon elementor-social-icon-linkedin elementor-repeater-item-9bbd3be\" href=\"https:\/\/www.linkedin.com\/company\/surfburger-sb\/?viewAsMember=true\" target=\"_blank\">\n\t\t\t\t\t\t<span class=\"elementor-screen-only\">Linkedin<\/span>\n\t\t\t\t\t\t<i aria-hidden=\"true\" class=\"fab fa-linkedin\"><\/i>\t\t\t\t\t<\/a>\n\t\t\t\t<\/span>\n\t\t\t\t\t<\/div>\n\t\t\t\t\t\t<\/div>\n\t\t\t\t<\/div>\n\t\t<div class=\"elementor-element elementor-element-c5e157f e-con-full e-flex e-con e-child\" data-id=\"c5e157f\" data-element_type=\"container\" data-e-type=\"container\">\n\t\t\t\t<div class=\"elementor-element elementor-element-d7c849a elementor-widget elementor-widget-google_maps\" data-id=\"d7c849a\" data-element_type=\"widget\" data-e-type=\"widget\" data-widget_type=\"google_maps.default\">\n\t\t\t\t<div class=\"elementor-widget-container\">\n\t\t\t\t\t\t\t<div class=\"elementor-custom-embed\">\n\t\t\t<iframe loading=\"lazy\"\n\t\t\t\t\tsrc=\"https:\/\/maps.google.com\/maps?q=Veurnestraat%20289%2C%208660%20De%20Panne&#038;t=m&#038;z=13&#038;output=embed&#038;iwloc=near\"\n\t\t\t\t\ttitle=\"Veurnestraat 289, 8660 De Panne\"\n\t\t\t\t\taria-label=\"Veurnestraat 289, 8660 De Panne\"\n\t\t\t><\/iframe>\n\t\t<\/div>\n\t\t\t\t\t\t<\/div>\n\t\t\t\t<\/div>\n\t\t\t\t<\/div>\n\t\t\t\t<\/div>\n\t\t\t\t<\/div>\n\t\t<div class=\"elementor-element elementor-element-301d1b9 e-con-full e-flex e-con e-child\" data-id=\"301d1b9\" data-element_type=\"container\" data-e-type=\"container\">\n\t\t\t\t<div class=\"elementor-element elementor-element-4846b85 elementor-widget elementor-widget-text-editor\" data-id=\"4846b85\" data-element_type=\"widget\" data-e-type=\"widget\" data-widget_type=\"text-editor.default\">\n\t\t\t\t<div class=\"elementor-widget-container\">\n\t\t\t\t\t\t\t\t\t<h2 class=\"elementor-heading-title elementor-size-default elementor-inline-editing pen\" style=\"text-align: center;\" contenteditable=\"true\" data-elementor-setting-key=\"title\" data-pen-placeholder=\"Hier typen...\"><b>OPENINGSUREN<\/b><\/h2><div><b>\u00a0<\/b><\/div><div><b>\u00a0<\/b><\/div><h5 style=\"text-align: center;\"><strong>Vrijdag<\/strong>:\u00a0\u00a0<span style=\"font-size: 1rem;\">\u00a0<\/span><span style=\"font-size: 1rem;\">12:00 &#8211; 14:00 &amp; 17:30 &#8211; 21:30<\/span><\/h5><h5 style=\"text-align: center;\"><b>Zaterdag<\/b>: 12:00 &#8211; 14:00 &amp; 17:30 &#8211; 21:30 <br \/><b>Zondag<\/b>: 12:00 &#8211; 14:00 &amp; 17:30 &#8211; 20<span style=\"font-size: 1rem; font-style: inherit;\">:30<\/span><\/h5><div>\u00a0<\/div><h2 style=\"text-align: center;\">Tijdens vakanties 7\/7 open!<\/h2><div>\u00a0<\/div><div style=\"text-align: center;\">Uitzonderlijk gesloten van 5 tot 7 september<\/div><div>\u00a0<\/div>\t\t\t\t\t\t\t\t<\/div>\n\t\t\t\t<\/div>\n\t\t\t\t<div class=\"elementor-element elementor-element-1d1e553 elementor-widget elementor-widget-text-editor\" data-id=\"1d1e553\" data-element_type=\"widget\" data-e-type=\"widget\" data-widget_type=\"text-editor.default\">\n\t\t\t\t<div class=\"elementor-widget-container\">\n\t\t\t\t\t\t\t\t\t<p>\u00a0<\/p><p><span style=\"font-style: inherit; font-weight: inherit; color: var( --e-global-color-text ); font-family: var( --e-global-typography-text-font-family ), Sans-serif; text-align: var(--text-align); background-color: var(--ast-global-color-5);\">Reserveer je tafel via:\u00a0<\/span><a style=\"font-size: var( --e-global-typography-text-font-size ); font-style: inherit; font-weight: var( --e-global-typography-text-font-weight ); font-family: var( --e-global-typography-text-font-family ), Sans-serif; text-align: var(--text-align);\" href=\"tel: 0485422883\" target=\"_blank\" rel=\"noopener\">0485 422 883<\/a><\/p>\t\t\t\t\t\t\t\t<\/div>\n\t\t\t\t<\/div>\n\t\t\t\t<\/div>\n\t\t\t\t\t<\/div>\n\t\t\t\t<\/div>\n\t\t<div class=\"elementor-element elementor-element-2ed1eed e-flex e-con-boxed e-con e-parent\" data-id=\"2ed1eed\" data-element_type=\"container\" data-e-type=\"container\">\n\t\t\t\t\t<div class=\"e-con-inner\">\n\t\t\t\t<div class=\"elementor-element elementor-element-d2ca2cf elementor-widget elementor-widget-shortcode\" data-id=\"d2ca2cf\" data-element_type=\"widget\" data-e-type=\"widget\" data-widget_type=\"shortcode.default\">\n\t\t\t\t<div class=\"elementor-widget-container\">\n\t\t\t\t\t\t\t<div class=\"elementor-shortcode\"><!-- Zenchef Widget SDK -->\n<script>;(function (d, s, id) {const el = d.getElementsByTagName(s)[0]; if (d.getElementById(id) || el.parentNode == null) {return;} var js = d.createElement(s);  js.id = id; js.async = true; js.src = 'https:\/\/sdk.zenchef.com\/v1\/sdk.min.js';  el.parentNode.insertBefore(js, el); })(document, 'script', 'zenchef-sdk')<\/script>\n<div\n   class=\"zc-widget-config\"\n   data-restaurant=\"374492\"\n   data-open=\"2000\"><\/div><\/div>\n\t\t\t\t\t\t<\/div>\n\t\t\t\t<\/div>\n\t\t\t\t\t<\/div>\n\t\t\t\t<\/div>\n\t\t\t\t<\/div>\n\t\t","protected":false},"excerpt":{"rendered":"<p>Surfburger &#8211; Proef de wereld, lokaal gegroeid. Bij Surfburger cre\u00ebren we een unieke smaakbeleving met verse ingredi\u00ebnten. Onze hamburgers zijn ge\u00efnspireerd door smaken van over de hele wereld en dragen de namen van bekende surfspots in die landen. Elke hap neemt je mee op een culinaire reis naar de surfbestemmingen waar onze smaken op zijn gebaseerd. Met liefde bereid en met passie geserveerd, beloven we bij Surfburger een smaakvolle en verrassende ervaring. Kom naar Surfburger en ontdek de perfecte harmonie van internationale smaken, lokaal geteeld.&#8221;<\/p>\n<p>&#8220;Taste the world, grown locally&#8221; (Proef de wereld, lokaal gegroeid) is de slogan van Surfburger en benadrukt ons streven naar het gebruiken van verse, lokale ingredi\u00ebnten om een wereldse smaakervaring te bieden aan onze gasten.<\/p>\n<p>Geniet van onze heerlijke hamburgers en laat Surfburger je meenemen op een culinair surfavontuur!<\/p>\n","protected":false},"author":1,"featured_media":0,"parent":0,"menu_order":0,"comment_status":"closed","ping_status":"closed","template":"elementor_header_footer","meta":{"site-sidebar-layout":"default","site-content-layout":"","ast-site-content-layout":"default","site-content-style":"default","site-sidebar-style":"default","ast-global-header-display":"","ast-banner-title-visibility":"","ast-main-header-display":"","ast-hfb-above-header-display":"","ast-hfb-below-header-display":"","ast-hfb-mobile-header-display":"","site-post-title":"","ast-breadcrumbs-content":"","ast-featured-img":"","footer-sml-layout":"","theme-transparent-header-meta":"","adv-header-id-meta":"","stick-header-meta":"","header-above-stick-meta":"","header-main-stick-meta":"","header-below-stick-meta":"","astra-migrate-meta-layouts":"default","ast-page-background-enabled":"default","ast-page-background-meta":{"desktop":{"background-color":"var(--ast-global-color-4)","background-image":"","background-repeat":"repeat","background-position":"center center","background-size":"auto","background-attachment":"scroll","background-type":"","background-media":"","overlay-type":"","overlay-color":"","overlay-opacity":"","overlay-gradient":""},"tablet":{"background-color":"","background-image":"","background-repeat":"repeat","background-position":"center center","background-size":"auto","background-attachment":"scroll","background-type":"","background-media":"","overlay-type":"","overlay-color":"","overlay-opacity":"","overlay-gradient":""},"mobile":{"background-color":"","background-image":"","background-repeat":"repeat","background-position":"center center","background-size":"auto","background-attachment":"scroll","background-type":"","background-media":"","overlay-type":"","overlay-color":"","overlay-opacity":"","overlay-gradient":""}},"ast-content-background-meta":{"desktop":{"background-color":"var(--ast-global-color-5)","background-image":"","background-repeat":"repeat","background-position":"center center","background-size":"auto","background-attachment":"scroll","background-type":"","background-media":"","overlay-type":"","overlay-color":"","overlay-opacity":"","overlay-gradient":""},"tablet":{"background-color":"var(--ast-global-color-5)","background-image":"","background-repeat":"repeat","background-position":"center center","background-size":"auto","background-attachment":"scroll","background-type":"","background-media":"","overlay-type":"","overlay-color":"","overlay-opacity":"","overlay-gradient":""},"mobile":{"background-color":"var(--ast-global-color-5)","background-image":"","background-repeat":"repeat","background-position":"center center","background-size":"auto","background-attachment":"scroll","background-type":"","background-media":"","overlay-type":"","overlay-color":"","overlay-opacity":"","overlay-gradient":""}},"footnotes":""},"class_list":["post-145","page","type-page","status-publish","hentry"],"yoast_head":"<!-- This site is optimized with the Yoast SEO plugin v27.5 - https:\/\/yoast.com\/product\/yoast-seo-wordpress\/ -->\n<title>Contact - Surfburger<\/title>\n<meta name=\"robots\" content=\"index, follow, max-snippet:-1, max-image-preview:large, max-video-preview:-1\" \/>\n<link rel=\"canonical\" href=\"https:\/\/surfburger.be\/index.php\/contactsurfburger\/\" \/>\n<meta property=\"og:locale\" content=\"nl_NL\" \/>\n<meta property=\"og:type\" content=\"article\" \/>\n<meta property=\"og:title\" content=\"Contact - Surfburger\" \/>\n<meta property=\"og:description\" content=\"Surfburger - Proef de wereld, lokaal gegroeid. Bij Surfburger cre\u00ebren we een unieke smaakbeleving met verse ingredi\u00ebnten. Onze hamburgers zijn ge\u00efnspireerd door smaken van over de hele wereld en dragen de namen van bekende surfspots in die landen. Elke hap neemt je mee op een culinaire reis naar de surfbestemmingen waar onze smaken op zijn gebaseerd. Met liefde bereid en met passie geserveerd, beloven we bij Surfburger een smaakvolle en verrassende ervaring. Kom naar Surfburger en ontdek de perfecte harmonie van internationale smaken, lokaal geteeld.&quot; &quot;Taste the world, grown locally&quot; (Proef de wereld, lokaal gegroeid) is de slogan van Surfburger en benadrukt ons streven naar het gebruiken van verse, lokale ingredi\u00ebnten om een wereldse smaakervaring te bieden aan onze gasten. Geniet van onze heerlijke hamburgers en laat Surfburger je meenemen op een culinair surfavontuur!\" \/>\n<meta property=\"og:url\" content=\"https:\/\/surfburger.be\/index.php\/contactsurfburger\/\" \/>\n<meta property=\"og:site_name\" content=\"Surfburger\" \/>\n<meta property=\"article:publisher\" content=\"https:\/\/www.facebook.com\/Surfburger.sb\/\" \/>\n<meta property=\"article:modified_time\" content=\"2025-09-01T17:49:28+00:00\" \/>\n<meta name=\"twitter:card\" content=\"summary_large_image\" \/>\n<meta name=\"twitter:label1\" content=\"Verwachte leestijd\" \/>\n\t<meta name=\"twitter:data1\" content=\"1 minuut\" \/>\n<script type=\"application\/ld+json\" class=\"yoast-schema-graph\">{\"@context\":\"https:\\\/\\\/schema.org\",\"@graph\":[{\"@type\":\"WebPage\",\"@id\":\"https:\\\/\\\/surfburger.be\\\/index.php\\\/contactsurfburger\\\/\",\"url\":\"https:\\\/\\\/surfburger.be\\\/index.php\\\/contactsurfburger\\\/\",\"name\":\"Contact - Surfburger\",\"isPartOf\":{\"@id\":\"https:\\\/\\\/surfburger.be\\\/#website\"},\"datePublished\":\"2023-07-13T13:14:27+00:00\",\"dateModified\":\"2025-09-01T17:49:28+00:00\",\"breadcrumb\":{\"@id\":\"https:\\\/\\\/surfburger.be\\\/index.php\\\/contactsurfburger\\\/#breadcrumb\"},\"inLanguage\":\"nl-NL\",\"potentialAction\":[{\"@type\":\"ReadAction\",\"target\":[\"https:\\\/\\\/surfburger.be\\\/index.php\\\/contactsurfburger\\\/\"]}]},{\"@type\":\"BreadcrumbList\",\"@id\":\"https:\\\/\\\/surfburger.be\\\/index.php\\\/contactsurfburger\\\/#breadcrumb\",\"itemListElement\":[{\"@type\":\"ListItem\",\"position\":1,\"name\":\"Home\",\"item\":\"https:\\\/\\\/surfburger.be\\\/\"},{\"@type\":\"ListItem\",\"position\":2,\"name\":\"Contact\"}]},{\"@type\":\"WebSite\",\"@id\":\"https:\\\/\\\/surfburger.be\\\/#website\",\"url\":\"https:\\\/\\\/surfburger.be\\\/\",\"name\":\"Surfburger\",\"description\":\"Taste the World, grown Local\",\"publisher\":{\"@id\":\"https:\\\/\\\/surfburger.be\\\/#organization\"},\"potentialAction\":[{\"@type\":\"SearchAction\",\"target\":{\"@type\":\"EntryPoint\",\"urlTemplate\":\"https:\\\/\\\/surfburger.be\\\/?s={search_term_string}\"},\"query-input\":{\"@type\":\"PropertyValueSpecification\",\"valueRequired\":true,\"valueName\":\"search_term_string\"}}],\"inLanguage\":\"nl-NL\"},{\"@type\":\"Organization\",\"@id\":\"https:\\\/\\\/surfburger.be\\\/#organization\",\"name\":\"Surfburger\",\"url\":\"https:\\\/\\\/surfburger.be\\\/\",\"logo\":{\"@type\":\"ImageObject\",\"inLanguage\":\"nl-NL\",\"@id\":\"https:\\\/\\\/surfburger.be\\\/#\\\/schema\\\/logo\\\/image\\\/\",\"url\":\"https:\\\/\\\/surfburger.be\\\/wp-content\\\/uploads\\\/cropped-IMG_0546.png\",\"contentUrl\":\"https:\\\/\\\/surfburger.be\\\/wp-content\\\/uploads\\\/cropped-IMG_0546.png\",\"width\":548,\"height\":503,\"caption\":\"Surfburger\"},\"image\":{\"@id\":\"https:\\\/\\\/surfburger.be\\\/#\\\/schema\\\/logo\\\/image\\\/\"},\"sameAs\":[\"https:\\\/\\\/www.facebook.com\\\/Surfburger.sb\\\/\",\"https:\\\/\\\/www.instagram.com\\\/surfburger_sb\\\/\"]}]}<\/script>\n<!-- \/ Yoast SEO plugin. -->","yoast_head_json":{"title":"Contact - Surfburger","robots":{"index":"index","follow":"follow","max-snippet":"max-snippet:-1","max-image-preview":"max-image-preview:large","max-video-preview":"max-video-preview:-1"},"canonical":"https:\/\/surfburger.be\/index.php\/contactsurfburger\/","og_locale":"nl_NL","og_type":"article","og_title":"Contact - Surfburger","og_description":"Surfburger - Proef de wereld, lokaal gegroeid. Bij Surfburger cre\u00ebren we een unieke smaakbeleving met verse ingredi\u00ebnten. Onze hamburgers zijn ge\u00efnspireerd door smaken van over de hele wereld en dragen de namen van bekende surfspots in die landen. Elke hap neemt je mee op een culinaire reis naar de surfbestemmingen waar onze smaken op zijn gebaseerd. Met liefde bereid en met passie geserveerd, beloven we bij Surfburger een smaakvolle en verrassende ervaring. Kom naar Surfburger en ontdek de perfecte harmonie van internationale smaken, lokaal geteeld.\" \"Taste the world, grown locally\" (Proef de wereld, lokaal gegroeid) is de slogan van Surfburger en benadrukt ons streven naar het gebruiken van verse, lokale ingredi\u00ebnten om een wereldse smaakervaring te bieden aan onze gasten. Geniet van onze heerlijke hamburgers en laat Surfburger je meenemen op een culinair surfavontuur!","og_url":"https:\/\/surfburger.be\/index.php\/contactsurfburger\/","og_site_name":"Surfburger","article_publisher":"https:\/\/www.facebook.com\/Surfburger.sb\/","article_modified_time":"2025-09-01T17:49:28+00:00","twitter_card":"summary_large_image","twitter_misc":{"Verwachte leestijd":"1 minuut"},"schema":{"@context":"https:\/\/schema.org","@graph":[{"@type":"WebPage","@id":"https:\/\/surfburger.be\/index.php\/contactsurfburger\/","url":"https:\/\/surfburger.be\/index.php\/contactsurfburger\/","name":"Contact - Surfburger","isPartOf":{"@id":"https:\/\/surfburger.be\/#website"},"datePublished":"2023-07-13T13:14:27+00:00","dateModified":"2025-09-01T17:49:28+00:00","breadcrumb":{"@id":"https:\/\/surfburger.be\/index.php\/contactsurfburger\/#breadcrumb"},"inLanguage":"nl-NL","potentialAction":[{"@type":"ReadAction","target":["https:\/\/surfburger.be\/index.php\/contactsurfburger\/"]}]},{"@type":"BreadcrumbList","@id":"https:\/\/surfburger.be\/index.php\/contactsurfburger\/#breadcrumb","itemListElement":[{"@type":"ListItem","position":1,"name":"Home","item":"https:\/\/surfburger.be\/"},{"@type":"ListItem","position":2,"name":"Contact"}]},{"@type":"WebSite","@id":"https:\/\/surfburger.be\/#website","url":"https:\/\/surfburger.be\/","name":"Surfburger","description":"Taste the World, grown Local","publisher":{"@id":"https:\/\/surfburger.be\/#organization"},"potentialAction":[{"@type":"SearchAction","target":{"@type":"EntryPoint","urlTemplate":"https:\/\/surfburger.be\/?s={search_term_string}"},"query-input":{"@type":"PropertyValueSpecification","valueRequired":true,"valueName":"search_term_string"}}],"inLanguage":"nl-NL"},{"@type":"Organization","@id":"https:\/\/surfburger.be\/#organization","name":"Surfburger","url":"https:\/\/surfburger.be\/","logo":{"@type":"ImageObject","inLanguage":"nl-NL","@id":"https:\/\/surfburger.be\/#\/schema\/logo\/image\/","url":"https:\/\/surfburger.be\/wp-content\/uploads\/cropped-IMG_0546.png","contentUrl":"https:\/\/surfburger.be\/wp-content\/uploads\/cropped-IMG_0546.png","width":548,"height":503,"caption":"Surfburger"},"image":{"@id":"https:\/\/surfburger.be\/#\/schema\/logo\/image\/"},"sameAs":["https:\/\/www.facebook.com\/Surfburger.sb\/","https:\/\/www.instagram.com\/surfburger_sb\/"]}]}},"_links":{"self":[{"href":"https:\/\/surfburger.be\/index.php\/wp-json\/wp\/v2\/pages\/145","targetHints":{"allow":["GET"]}}],"collection":[{"href":"https:\/\/surfburger.be\/index.php\/wp-json\/wp\/v2\/pages"}],"about":[{"href":"https:\/\/surfburger.be\/index.php\/wp-json\/wp\/v2\/types\/page"}],"author":[{"embeddable":true,"href":"https:\/\/surfburger.be\/index.php\/wp-json\/wp\/v2\/users\/1"}],"replies":[{"embeddable":true,"href":"https:\/\/surfburger.be\/index.php\/wp-json\/wp\/v2\/comments?post=145"}],"version-history":[{"count":169,"href":"https:\/\/surfburger.be\/index.php\/wp-json\/wp\/v2\/pages\/145\/revisions"}],"predecessor-version":[{"id":1281,"href":"https:\/\/surfburger.be\/index.php\/wp-json\/wp\/v2\/pages\/145\/revisions\/1281"}],"wp:attachment":[{"href":"https:\/\/surfburger.be\/index.php\/wp-json\/wp\/v2\/media?parent=145"}],"curies":[{"name":"wp","href":"https:\/\/api.w.org\/{rel}","templated":true}]}}